{"id":43869,"date":"2022-01-10T17:19:08","date_gmt":"2022-01-10T17:19:08","guid":{"rendered":"https:\/\/stg-developmentu-development.kinsta.cloud\/imagenes-y-logotipos-2\/"},"modified":"2022-01-10T17:19:08","modified_gmt":"2022-01-10T17:19:08","slug":"imagenes-y-logotipos-2","status":"publish","type":"page","link":"https:\/\/stg-developmentu-development.kinsta.cloud\/es\/imagenes-y-logotipos-2\/","title":{"rendered":"Im\u00e1genes y logotipos"},"content":{"rendered":"<div id=\"additionalTextArea\">\n<div style=\"margin-bottom: 38px;\">\n<h4>Pol\u00edticas de uso de im\u00e1genes y recursos<\/h4>\n<p>Cualquier miembro de la cadena de suministro de mango que atiende al mercado estadounidense puede utilizar las im\u00e1genes. Esto incluye productores, importadores, transportistas, corredores, mayoristas y minoristas. Los miembros de los medios de comunicaci\u00f3n tambi\u00e9n pueden utilizar estas im\u00e1genes para respaldar historias sobre el mango. Las im\u00e1genes se pueden utilizar en anuncios, sitios web, materiales de punto de venta, empaques, materiales de capacitaci\u00f3n, presentaciones, cobertura de los medios y cualquier otro proyecto de marketing de mango. Debe incluir los derechos de autor y una declaraci\u00f3n de propiedad cuando utilice im\u00e1genes de la National Mango Board. Por favor, p\u00f3ngase en contacto con nosotros si tiene alguna pregunta. Despl\u00e1cese hacia abajo para ver la biblioteca de im\u00e1genes.<\/p>\n<h4><span style=\"color: #F26122;\">Opciones de declaraci\u00f3n de propiedad \/ derechos de autor<\/span><\/h4>\n<p>Si todas las im\u00e1genes utilizadas en el dise\u00f1o fueron proporcionadas por la National Mango Board, no es necesario que incluya un copyright en cada imagen. En su lugar, incluya la siguiente declaraci\u00f3n en alg\u00fan lugar de la pieza. \u00abTodas las fotos \u00a9 2017 National Mango Board y utilizadas con permiso de National Mango Board. Todos los derechos reservados\u00bb.<\/p>\n<p>Si no todas las im\u00e1genes utilizadas en el dise\u00f1o fueron proporcionadas por la National Mango Board, entonces debe aparecer un copyright en cada imagen de National Mango Board y se debe incluir una declaraci\u00f3n de permiso en alg\u00fan lugar de la pieza.<\/p>\n<p>Ejemplo: \u00ab\u00a9 2017 National Mango Board\u00bb debe aparecer en cada imagen y la siguiente declaraci\u00f3n debe aparecer en la pieza, \u00abFotos utilizadas con permiso de National Mango Board. Todos los derechos reservados\u00bb.<\/p>\n<\/div>\n<h4>Logotipo de mango<\/h4>\n<p>El logotipo de la NMB est\u00e1 dise\u00f1ado para capturar la diversi\u00f3n y el sabor de los mangos, mientras conduce el tr\u00e1fico a este sitio web. El logotipo se puede utilizar en su sitio web como un enlace al sitio web <a>www.mango.org<\/a> . Tambi\u00e9n se puede utilizar en anuncios minoristas. Se pueden considerar otros usos, as\u00ed que <a href=\"mailto:info@www.mango.org\">env\u00edenos un correo electr\u00f3nico<\/a> con su solicitud.<\/p>\n<p>&nbsp;<\/p>\n<div style=\"margin-bottom: 28px; max-width: 800px;padding-top:10px;\"><img decoding=\"async\" style=\"width: 185px;\" src=\"\/wp-content\/uploads\/2021\/10\/22_MNG_010_Logo_Color.jpg\" alt=\"\" align=\"right\"><a href=\"\/wp-content\/uploads\/2021\/10\/22_MNG_010_Logo_Color.jpg\">Haga clic aqu\u00ed para descargar el archivo jpg del logotipo de www.mango.org en color <\/a><br \/>\n<a href=\"\/wp-content\/uploads\/2021\/10\/black_mango_eps.png\">Haga clic aqu\u00ed para descargar el archivo eps del logotipo de www.mango.org en color (solo dise\u00f1adores)<\/a><\/div>\n<p>&nbsp;<\/p>\n<div style=\"margin-bottom: 28px; max-width: 800px;padding-top:10px;\"><img decoding=\"async\" style=\"width:185px; background-color:#000;padding 2px 4px;\" src=\"\/wp-content\/uploads\/2021\/10\/21_MNG_010_Logo_White.png\" alt=\"\" align=\"right\"><a href=\"\/wp-content\/uploads\/2021\/10\/21_MNG_010_Logo_White.png\">Haga clic aqu\u00ed para descargar el archivo jpg del logotipo de www.mango.org en blanco <\/a><br \/>\n<a href=\"\/wp-content\/uploads\/2021\/10\/21_MNG_010_Logo_White.eps\">Haga clic aqu\u00ed para descargar el archivo eps del logotipo de www.mango.org en blanco (solo dise\u00f1adores)<\/a><\/div>\n<div style=\"margin-bottom: 28px; max-width: 800px;padding-top:10px;\"><img decoding=\"async\" style=\"width: 185px;\" src=\"\/wp-content\/uploads\/2021\/10\/22_MNG_010_Logo_Black.jpg\" alt=\"\" align=\"right\"><a href=\"\/wp-content\/uploads\/2021\/10\/22_MNG_010_Logo_Black.jpg\">Haga clic aqu\u00ed para descargar el archivo jpg del logotipo de www.mango.org en negro <\/a><br \/>\n<a href=\"\/wp-content\/uploads\/2021\/10\/21_MNG_010_Logo_Blackeps.eps\">Aqu\u00ed puede descargar el archivo eps del logotipo de www.mango.org en negro (solo dise\u00f1adores)<\/a><\/div>\n<h4>Logotipo del sitio web en cajas y pegatinas Plu<\/h4>\n<p>Nuestro sitio web es una gran fuente de informaci\u00f3n para todos los consumidores de mango, por lo que le recomendamos que incluya la direcci\u00f3n web en sus cajas y pegatinas. Aunque el uso de nuestro logotipo web (arriba) en cajas de mango y pegatinas est\u00e1 prohibido, a continuaci\u00f3n encontrar\u00e1 gr\u00e1ficos con el texto \u00abwww.mango.org\u00bb que le recomendamos que utilice en sus cajas. Hemos proporcionado ilustraciones en varios formatos de archivo para que sus dise\u00f1adores puedan recogerlas y colocarlas en su caja a todo color o en blanco y negro.<\/p>\n<p>Tambi\u00e9n recomendamos el uso del texto \u00abwww.mango.org\u00bb en sus pegatinas PLU.<\/p>\n<p>Si tiene alguna pregunta sobre c\u00f3mo usar esta obra de arte o el sitio web en sus cajas o etiquetas adhesivas PLU, comun\u00edquese con el <a href=\"mailto:info@www.mango.org\">personal de la NMB<\/a> .<\/p>\n<p>&nbsp;<\/p>\n<div style=\"margin-bottom: 28px; max-width: 800px;\"><a href=\"\/wp-content\/uploads\/2021\/10\/22_MNG_010_Logo_Black.jpg\"><img decoding=\"async\" style=\"width: 185px; height: 47px;\" src=\"\/wp-content\/uploads\/2021\/10\/22_MNG_010_Logo_Black.jpg\" alt=\"\" align=\"right\">Haga clic aqu\u00ed para descargar el archivo jpg del logotipo de www.mango.org en texto en blanco y negro<\/a><br \/>\n<a href=\"https:\/\/stg-developmentu-development.kinsta.cloud\/wp-content\/uploads\/2021\/10\/black_mango_eps.png\">Haga clic aqu\u00ed para descargar el archivo de texto en blanco y negro www.mango.org .eps (solo dise\u00f1adores)<\/a><\/div>\n<div style=\"margin-bottom: 28px; max-width: 800px;\"><img decoding=\"async\" style=\"width: 185px; height: 47px;\" src=\"\/wp-content\/uploads\/2021\/10\/22_MNG_010_Logo_Color.jpg\" alt=\"\" align=\"right\"><a href=\"\/wp-content\/uploads\/2021\/10\/22_MNG_010_Logo_Color.jpg\">Haga clic aqu\u00ed para descargar el texto en color www.mango.org logo archivo jpg<\/a><br \/>\n<a href=\"\/wp-content\/uploads\/2021\/10\/black_mango_eps.png\">Haga clic aqu\u00ed para descargar el archivo de texto en color www.mango.org .eps (solo dise\u00f1adores)<\/a><\/div>\n<\/div>\n","protected":false},"excerpt":{"rendered":"<p>Pol\u00edticas de uso de im\u00e1genes y recursos Cualquier miembro de la cadena de suministro de mango que atiende al mercado&#8230;<\/p>\n","protected":false},"author":36,"featured_media":0,"parent":0,"menu_order":0,"comment_status":"closed","ping_status":"closed","template":"image-logo-template.php","meta":{"wprm-recipe-roundup-name":"","wprm-recipe-roundup-description":"","footnotes":""},"_links":{"self":[{"href":"https:\/\/stg-developmentu-development.kinsta.cloud\/es\/wp-json\/wp\/v2\/pages\/43869"}],"collection":[{"href":"https:\/\/stg-developmentu-development.kinsta.cloud\/es\/wp-json\/wp\/v2\/pages"}],"about":[{"href":"https:\/\/stg-developmentu-development.kinsta.cloud\/es\/wp-json\/wp\/v2\/types\/page"}],"author":[{"embeddable":true,"href":"https:\/\/stg-developmentu-development.kinsta.cloud\/es\/wp-json\/wp\/v2\/users\/36"}],"replies":[{"embeddable":true,"href":"https:\/\/stg-developmentu-development.kinsta.cloud\/es\/wp-json\/wp\/v2\/comments?post=43869"}],"version-history":[{"count":0,"href":"https:\/\/stg-developmentu-development.kinsta.cloud\/es\/wp-json\/wp\/v2\/pages\/43869\/revisions"}],"wp:attachment":[{"href":"https:\/\/stg-developmentu-development.kinsta.cloud\/es\/wp-json\/wp\/v2\/media?parent=43869"}],"curies":[{"name":"wp","href":"https:\/\/api.w.org\/{rel}","templated":true}]}}